{"id":8280,"date":"2024-01-26T12:27:26","date_gmt":"2024-01-26T12:27:26","guid":{"rendered":"https:\/\/corfuslutaleta.com\/our-rates-include\/"},"modified":"2024-04-16T09:46:28","modified_gmt":"2024-04-16T09:46:28","slug":"unsere-preise-beinhalten","status":"publish","type":"page","link":"https:\/\/corfuslutaleta.com\/de\/unsere-preise-beinhalten\/","title":{"rendered":"Unsere Preise beinhalten"},"content":{"rendered":"<h2>1. BASIS-VERSICHERUNGSPAKET<\/h2>\n<p>Unsere Tarife beinhalten:<\/p>\n<p>Kollisionskasko<br \/>\nHaftpflichtversicherungsschutz<br \/>\nBegrenzter Versicherungszuschlag<\/p>\n<h3>2. Unbegrenzte Kilometerzahl<\/h3>\n<p>Unbegrenzte Kilometerzahl wird kostenlos angeboten. Mit anderen Worten: Sie k\u00f6nnen die ganze Insel ohne Kilometerbegrenzung erkunden. Fahren Sie sicher und genie\u00dfen Sie Ihren Urlaub.<\/p>\n<h3>3. Kostenlose Flughafen- und Hafenzustellung<\/h3>\n<p>Wir bieten kostenlose Abholungen und Anlieferungen am Flughafen und Hafen von Korfu an. Um zu kl\u00e4ren, wenn Sie am Flughafen Korfu sind, rufen Sie uns jederzeit an und wir werden so schnell wie m\u00f6glich da sein, v\u00f6llig kostenlos.<\/p>\n<h3>4. Kostenlose \u00c4nderungen<\/h3>\n<p>In diesem Abschnitt werden wir \u00fcber kostenlose \u00c4nderungen sprechen. Erstens, wenn es ein Problem mit dem Auto oder einen kaputten Reifen gibt, k\u00f6nnen Sie uns immer kontaktieren, um Ihnen zu helfen. Zweitens, wenn das Auto nicht sofort oder bald repariert werden kann, sind wir verpflichtet, Ihnen das Auto (\u00e4hnliche Kategorie oder gr\u00f6\u00dfer) kostenlos zu wechseln. Schlie\u00dflich brauchen Sie keine Angst zu haben, wir sind in Ihrer N\u00e4he, w\u00e4hrend Sie fahren.<\/p>\n<h3>5. Inklusive Mehrwertsteuer<\/h3>\n<p>Alle Steuern und Mehrwertsteuer<br \/>\nKeine versteckten Kosten<\/p>\n<h3>6. 24\/7 Pannenhilfe<\/h3>\n<p>Wir bieten v\u00f6llig kostenlos:<\/p>\n<p>24 Stunden Pannenhilfe<br \/>\n24-Stunden-Service nur mit einem Telefonanruf<\/p>\n<h3>7. 24-Stunden-Hotline<\/h3>\n<p>Dar\u00fcber hinaus bieten wir auch eine kostenlose 24\/7 Hotline an.<br \/>\nWenn Sie Hilfe ben\u00f6tigen, k\u00f6nnen Sie uns jederzeit anrufen oder uns eine Nachricht schicken.<br \/>\nWir sind gerne f\u00fcr Sie da.<\/p>\n<h3>8. Stra\u00dfenkarte<\/h3>\n<p>Wir bieten Ihnen eine kostenlose Stra\u00dfenkarte von Korfu. Vor allem werden Sie nie verloren gehen. Wenn Sie jedoch keine Karten benutzen k\u00f6nnen, k\u00f6nnen wir Ihnen ein globales Positionierungssystem (GPS) zur Verf\u00fcgung stellen.<\/p>\n<h3>9. Zus\u00e4tzlicher Fahrer<\/h3>\n<p>Erstens k\u00f6nnen Sie einen zus\u00e4tzlichen Fahrer kostenlos mitnehmen. Der dritte und vierte Zusatzfahrer werden mit 3 Euro pro Tag berechnet.<\/p>\n<h3>10. Baby-Sitze<\/h3>\n<p>Unsere Preise beinhalten Kindersitze. Au\u00dferdem Sitzerh\u00f6hungen und Kindersitze. Am wichtigsten ist, dass Sie Ihre Familie mit unseren Kindersitzen sicher halten.<\/p>\n","protected":false},"excerpt":{"rendered":"<p>1. BASIS-VERSICHERUNGSPAKET Unsere Tarife beinhalten: Kollisionskasko Haftpflichtversicherungsschutz Begrenzter Versicherungszuschlag 2. Unbegrenzte Kilometerzahl Unbegrenzte Kilometerzahl wird kostenlos angeboten. Mit anderen Worten: Sie k\u00f6nnen die ganze Insel ohne Kilometerbegrenzung erkunden. Fahren Sie sicher und genie\u00dfen Sie Ihren Urlaub. 3. Kostenlose Flughafen- und Hafenzustellung Wir bieten kostenlose Abholungen und Anlieferungen am Flughafen und Hafen von Korfu an. Um [&hellip;]<\/p>\n","protected":false},"author":1,"featured_media":0,"parent":0,"menu_order":0,"comment_status":"closed","ping_status":"closed","template":"template-plain.php","meta":{"_acf_changed":false,"inline_featured_image":false,"footnotes":""},"class_list":["post-8280","page","type-page","status-publish","hentry"],"acf":[],"_links":{"self":[{"href":"https:\/\/corfuslutaleta.com\/de\/wp-json\/wp\/v2\/pages\/8280","targetHints":{"allow":["GET"]}}],"collection":[{"href":"https:\/\/corfuslutaleta.com\/de\/wp-json\/wp\/v2\/pages"}],"about":[{"href":"https:\/\/corfuslutaleta.com\/de\/wp-json\/wp\/v2\/types\/page"}],"author":[{"embeddable":true,"href":"https:\/\/corfuslutaleta.com\/de\/wp-json\/wp\/v2\/users\/1"}],"replies":[{"embeddable":true,"href":"https:\/\/corfuslutaleta.com\/de\/wp-json\/wp\/v2\/comments?post=8280"}],"version-history":[{"count":17,"href":"https:\/\/corfuslutaleta.com\/de\/wp-json\/wp\/v2\/pages\/8280\/revisions"}],"predecessor-version":[{"id":9272,"href":"https:\/\/corfuslutaleta.com\/de\/wp-json\/wp\/v2\/pages\/8280\/revisions\/9272"}],"wp:attachment":[{"href":"https:\/\/corfuslutaleta.com\/de\/wp-json\/wp\/v2\/media?parent=8280"}],"curies":[{"name":"wp","href":"https:\/\/api.w.org\/{rel}","templated":true}]}}