{"id":8383,"date":"2024-01-26T12:27:40","date_gmt":"2024-01-26T12:27:40","guid":{"rendered":"https:\/\/corfuslutaleta.com\/why-choose-us\/"},"modified":"2024-04-16T10:08:00","modified_gmt":"2024-04-16T10:08:00","slug":"warum-uns-waehlen","status":"publish","type":"page","link":"https:\/\/corfuslutaleta.com\/de\/warum-uns-waehlen\/","title":{"rendered":"Warum uns w\u00e4hlen"},"content":{"rendered":"","protected":false},"excerpt":{"rendered":"","protected":false},"author":1,"featured_media":0,"parent":0,"menu_order":0,"comment_status":"closed","ping_status":"closed","template":"template-why-us.php","meta":{"_acf_changed":false,"inline_featured_image":false,"footnotes":""},"class_list":["post-8383","page","type-page","status-publish","hentry"],"acf":{"title":"Warum uns w\u00e4hlen","text":" Reservierung","repeater":[{"text":"Vollversicherungspaket (keine Kreditkarte erforderlich)"},{"text":"Online-Buchung, ohne Kreditkarte"},{"text":"Zahlung bei Ankunft, keine Bankeinlagen"},{"text":"2. Fahrer kostenlos"},{"text":"Kindersitze auf Anfrage"},{"text":"Karte der Insel Korfu kostenlos"},{"text":"Service 24\/7 Pick-up \/ Drop-off"},{"text":"Beste Korfu Autovermietung Kundenservice"},{"text":"GPS System auf Anfrage"},{"text":"Unbegrenzte Anzahl von Kilometern"},{"text":"Keine Kommission f\u00fcr Kreditkartenzahlung"},{"text":"EASY 24 Stunden Flughafenabholung"},{"text":"Ersatzwagen bei Pannen oder Unf\u00e4llen"},{"text":"Nummer eins der Autovermietung in Korfu"},{"text":"Sondertarife f\u00fcr l\u00e4ngere Mietdauer"},{"text":"Direkte Autovermietung und nicht ein Broker"},{"text":"Abholung und R\u00fcckgabe zu jeder Zeit und an jedem Ort"},{"text":"Nummer eins am Flughafen Korfu"},{"text":"Junge Fahrer zwischen 18 und 21 Jahren k\u00f6nnen fahren"}]},"_links":{"self":[{"href":"https:\/\/corfuslutaleta.com\/de\/wp-json\/wp\/v2\/pages\/8383","targetHints":{"allow":["GET"]}}],"collection":[{"href":"https:\/\/corfuslutaleta.com\/de\/wp-json\/wp\/v2\/pages"}],"about":[{"href":"https:\/\/corfuslutaleta.com\/de\/wp-json\/wp\/v2\/types\/page"}],"author":[{"embeddable":true,"href":"https:\/\/corfuslutaleta.com\/de\/wp-json\/wp\/v2\/users\/1"}],"replies":[{"embeddable":true,"href":"https:\/\/corfuslutaleta.com\/de\/wp-json\/wp\/v2\/comments?post=8383"}],"version-history":[{"count":4,"href":"https:\/\/corfuslutaleta.com\/de\/wp-json\/wp\/v2\/pages\/8383\/revisions"}],"predecessor-version":[{"id":9891,"href":"https:\/\/corfuslutaleta.com\/de\/wp-json\/wp\/v2\/pages\/8383\/revisions\/9891"}],"wp:attachment":[{"href":"https:\/\/corfuslutaleta.com\/de\/wp-json\/wp\/v2\/media?parent=8383"}],"curies":[{"name":"wp","href":"https:\/\/api.w.org\/{rel}","templated":true}]}}