{"id":8279,"date":"2024-01-26T12:27:26","date_gmt":"2024-01-26T12:27:26","guid":{"rendered":"https:\/\/corfuslutaleta.com\/our-rates-include\/"},"modified":"2024-04-16T09:46:09","modified_gmt":"2024-04-16T09:46:09","slug":"nos-tarifs-comprennent","status":"publish","type":"page","link":"https:\/\/corfuslutaleta.com\/fr\/nos-tarifs-comprennent\/","title":{"rendered":"Nos tarifs comprennent"},"content":{"rendered":"<h2>1. PACKAGE D&rsquo;ASSURANCE DE BASE<\/h2>\n<p>Nos tarifs comprennent :<\/p>\n<p>L&rsquo;assurance collision sans franchise<br \/>\nLa couverture de la responsabilit\u00e9 civile<br \/>\nLe suppl\u00e9ment d&rsquo;assurance limit\u00e9e<\/p>\n<h3>2. Kilom\u00e9trage illimit\u00e9<\/h3>\n<p>Le kilom\u00e9trage illimit\u00e9 est offert gratuitement. En d&rsquo;autres termes, vous pouvez explorer toute l&rsquo;\u00eele sans limite de kilom\u00e9trage. Conduisez en toute s\u00e9curit\u00e9 et profitez de vos vacances<\/p>\n<h3>3. Livraison gratuite \u00e0 l&rsquo;a\u00e9roport et au port<\/h3>\n<p>Nous offrons des prises en charge et des d\u00e9p\u00f4ts \u00e0 l&rsquo;a\u00e9roport et au port de Corfou gratuitement. Pour clarifier, si vous \u00eates \u00e0 l&rsquo;a\u00e9roport de Corfou, appelez-nous \u00e0 tout moment et nous serons l\u00e0 d\u00e8s que possible, totalement gratuitement.<\/p>\n<h3>4. Changements gratuits<\/h3>\n<p>Dans cette section, nous allons parler des changements gratuits. Tout d&rsquo;abord, s&rsquo;il y a un probl\u00e8me avec la voiture ou un pneu crev\u00e9, vous pouvez toujours nous contacter pour vous aider. Deuxi\u00e8mement, si la voiture ne peut pas \u00eatre r\u00e9par\u00e9e imm\u00e9diatement ou rapidement, nous sommes dans l\u2019obligation de changer votre voiture (de cat\u00e9gorie similaire ou plus grande) gratuitement. En conclusion, vous n&rsquo;avez pas \u00e0 \u00eatre inquiet, nous sommes \u00e0 vos c\u00f4t\u00e9s pendant que vous conduisez<\/p>\n<h3>5. TVA incluse<\/h3>\n<p>Toutes les taxes et la TVA sont incluses<br \/>\nPas de frais cach\u00e9s<\/p>\n<h3>6. Assistance routi\u00e8re 24\/7<\/h3>\n<p>Nous offrons une assistance totalement gratuite :<\/p>\n<p>Une assistance routi\u00e8re 24 heures sur 24<br \/>\nUn service 24 heures sur 24 sur simple appel t\u00e9l\u00e9phonique<\/p>\n<h2>7. Assistance t\u00e9l\u00e9phonique 24 heures sur 24<\/h2>\n<p>En outre, nous proposons \u00e9galement une assistance t\u00e9l\u00e9phonique 24 heures sur 24, 7 jours sur 7, totalement gratuite.<br \/>\nSi vous avez besoin d&rsquo;aide, appelez-nous \u00e0 tout moment ou envoyez-nous un message.<br \/>\nNous serons heureux de vous rendre service.<\/p>\n<h3>8. Carte routi\u00e8re<\/h3>\n<p>Nous offrons une carte routi\u00e8re de Corfou totalement gratuite. Vous ne vous perdrez jamais. Cependant, si vous ne pouvez pas utiliser de cartes, nous pouvons vous fournir un GPS.<\/p>\n<h3>9. Conducteur suppl\u00e9mentaire<\/h3>\n<p>Tout d&rsquo;abord, vous pouvez inclure un conducteur suppl\u00e9mentaire sans frais. Deuxi\u00e8mement, le troisi\u00e8me conducteur suppl\u00e9mentaire et le quatri\u00e8me seront factur\u00e9s 3 euros par jour.<\/p>\n<h3>10. Si\u00e8ges b\u00e9b\u00e9<\/h3>\n<p>Nos tarifs incluent les si\u00e8ges de b\u00e9b\u00e9. En outre, les rehausseurs et les si\u00e8ges enfants. Le plus important est d&rsquo;assurer la s\u00e9curit\u00e9 de votre famille avec nos si\u00e8ges b\u00e9b\u00e9..<\/p>\n","protected":false},"excerpt":{"rendered":"<p>1. PACKAGE D&rsquo;ASSURANCE DE BASE Nos tarifs comprennent : L&rsquo;assurance collision sans franchise La couverture de la responsabilit\u00e9 civile Le suppl\u00e9ment d&rsquo;assurance limit\u00e9e 2. Kilom\u00e9trage illimit\u00e9 Le kilom\u00e9trage illimit\u00e9 est offert gratuitement. En d&rsquo;autres termes, vous pouvez explorer toute l&rsquo;\u00eele sans limite de kilom\u00e9trage. Conduisez en toute s\u00e9curit\u00e9 et profitez de vos vacances 3. Livraison [&hellip;]<\/p>\n","protected":false},"author":1,"featured_media":0,"parent":0,"menu_order":0,"comment_status":"closed","ping_status":"closed","template":"template-plain.php","meta":{"_acf_changed":false,"inline_featured_image":false,"footnotes":""},"class_list":["post-8279","page","type-page","status-publish","hentry"],"acf":[],"_links":{"self":[{"href":"https:\/\/corfuslutaleta.com\/fr\/wp-json\/wp\/v2\/pages\/8279","targetHints":{"allow":["GET"]}}],"collection":[{"href":"https:\/\/corfuslutaleta.com\/fr\/wp-json\/wp\/v2\/pages"}],"about":[{"href":"https:\/\/corfuslutaleta.com\/fr\/wp-json\/wp\/v2\/types\/page"}],"author":[{"embeddable":true,"href":"https:\/\/corfuslutaleta.com\/fr\/wp-json\/wp\/v2\/users\/1"}],"replies":[{"embeddable":true,"href":"https:\/\/corfuslutaleta.com\/fr\/wp-json\/wp\/v2\/comments?post=8279"}],"version-history":[{"count":5,"href":"https:\/\/corfuslutaleta.com\/fr\/wp-json\/wp\/v2\/pages\/8279\/revisions"}],"predecessor-version":[{"id":9257,"href":"https:\/\/corfuslutaleta.com\/fr\/wp-json\/wp\/v2\/pages\/8279\/revisions\/9257"}],"wp:attachment":[{"href":"https:\/\/corfuslutaleta.com\/fr\/wp-json\/wp\/v2\/media?parent=8279"}],"curies":[{"name":"wp","href":"https:\/\/api.w.org\/{rel}","templated":true}]}}