{"id":8382,"date":"2024-01-26T12:27:40","date_gmt":"2024-01-26T12:27:40","guid":{"rendered":"https:\/\/corfuslutaleta.com\/why-choose-us\/"},"modified":"2024-04-16T10:08:22","modified_gmt":"2024-04-16T10:08:22","slug":"pourquoi-nous-choisir","status":"publish","type":"page","link":"https:\/\/corfuslutaleta.com\/fr\/pourquoi-nous-choisir\/","title":{"rendered":"Pourquoi nous choisir"},"content":{"rendered":"","protected":false},"excerpt":{"rendered":"","protected":false},"author":1,"featured_media":0,"parent":0,"menu_order":0,"comment_status":"closed","ping_status":"closed","template":"template-why-us.php","meta":{"_acf_changed":false,"inline_featured_image":false,"footnotes":""},"class_list":["post-8382","page","type-page","status-publish","hentry"],"acf":{"title":"Pourquoi nous choisir","text":"R\u00e9servation","repeater":[{"text":"Assurance compl\u00e8te (sans carte de cr\u00e9dit)"},{"text":"R\u00e9servation en ligne, sans carte de cr\u00e9dit"},{"text":"Paiement \u00e0 l'arriv\u00e9e, sans d\u00e9p\u00f4t de garantie"},{"text":"Deuxi\u00e8me conducteur gratuit"},{"text":"Si\u00e8ges b\u00e9b\u00e9 sur demande"},{"text":"Carte de l'\u00eele de Corfou gratuite"},{"text":"Service 24\/7 Prise en charge \/ D\u00e9p\u00f4t"},{"text":"Meilleur service client de location de voiture \u00e0 Corfou"},{"text":"Syst\u00e8me GPS sur demande"},{"text":"Kilom\u00e9trage illimit\u00e9"},{"text":"Pas de commission pour le paiement par carte de cr\u00e9dit"},{"text":"Prise en charge facile \u00e0 l'a\u00e9roport 24 heures sur 24"},{"text":"Remplacement de la voiture en cas de panne ou d'accident"},{"text":"Num\u00e9ro un de la location de voitures \u00e0 Corfou"},{"text":"Tarifs sp\u00e9ciaux pour des p\u00e9riodes de location plus longues"},{"text":"Location de voiture directe, pas de courtier"},{"text":"Prise en charge et restitution \u00e0 toute heure et en tout lieu"},{"text":"Service num\u00e9ro un \u00e0 l'a\u00e9roport de Corfou"},{"text":"Les jeunes conducteurs de 18 \u00e0 21 ans peuvent conduire"}]},"_links":{"self":[{"href":"https:\/\/corfuslutaleta.com\/fr\/wp-json\/wp\/v2\/pages\/8382","targetHints":{"allow":["GET"]}}],"collection":[{"href":"https:\/\/corfuslutaleta.com\/fr\/wp-json\/wp\/v2\/pages"}],"about":[{"href":"https:\/\/corfuslutaleta.com\/fr\/wp-json\/wp\/v2\/types\/page"}],"author":[{"embeddable":true,"href":"https:\/\/corfuslutaleta.com\/fr\/wp-json\/wp\/v2\/users\/1"}],"replies":[{"embeddable":true,"href":"https:\/\/corfuslutaleta.com\/fr\/wp-json\/wp\/v2\/comments?post=8382"}],"version-history":[{"count":4,"href":"https:\/\/corfuslutaleta.com\/fr\/wp-json\/wp\/v2\/pages\/8382\/revisions"}],"predecessor-version":[{"id":9893,"href":"https:\/\/corfuslutaleta.com\/fr\/wp-json\/wp\/v2\/pages\/8382\/revisions\/9893"}],"wp:attachment":[{"href":"https:\/\/corfuslutaleta.com\/fr\/wp-json\/wp\/v2\/media?parent=8382"}],"curies":[{"name":"wp","href":"https:\/\/api.w.org\/{rel}","templated":true}]}}