{"id":8281,"date":"2024-01-26T12:27:26","date_gmt":"2024-01-26T12:27:26","guid":{"rendered":"https:\/\/corfuslutaleta.com\/our-rates-include\/"},"modified":"2024-04-16T09:46:46","modified_gmt":"2024-04-16T09:46:46","slug":"le-nostre-tariffe-includono","status":"publish","type":"page","link":"https:\/\/corfuslutaleta.com\/it\/le-nostre-tariffe-includono\/","title":{"rendered":"Le nostre tariffe includono"},"content":{"rendered":"<h2>1. PACCHETTO ASSICURATIVO DI BASE<\/h2>\n<p>Le nostre tariffe includono:<\/p>\n<p>Esonero di responsabilit\u00e0 per danni da collisione<br \/>\nCopertura della responsabilit\u00e0 civile<br \/>\nSupplemento assicurativo limitato<\/p>\n<h3>2. Chilometraggio illimitato<\/h3>\n<p>Chilometraggio illimitato offerto gratuitamente. In altre parole, potete esplorare l&#8217;intera isola senza limiti di chilometraggio. Guidate in sicurezza e godetevi le vostre vacanze.<\/p>\n<h3>3. Consegna gratuita all&#8217;aeroporto e al porto<\/h3>\n<p>Offriamo gratuitamente il ritiro e la consegna all&#8217;aeroporto e al porto di Corf\u00f9. Per chiarire, se vi trovate all&#8217;aeroporto di Corf\u00f9 chiamateci in qualsiasi momento e saremo l\u00ec il prima possibile in modo totalmente gratuito.<\/p>\n<h3>4. Sostituzioni gratuite<\/h3>\n<p>In questa sezione parleremo delle sostituzioni gratuite. In primo luogo, se c&#8217;\u00e8 un problema con l&#8217;auto o una gomma rotta, potete sempre contattarci per assistervi. In secondo luogo, se l&#8217;auto non pu\u00f2 essere riparata immediatamente o in tempi brevi, siamo obbligati a cambiarvi l&#8217;auto (di categoria simile o pi\u00f9 grande) gratuitamente. In conclusione, non dovete temere, siamo al vostro fianco mentre guidate.<\/p>\n<h3>5. IVA inclusa<\/h3>\n<p>Tutte le tasse e l&#8217;IVA<br \/>\nNessun costo nascosto<\/p>\n<h3>6. Assistenza stradale 24\/7<\/h3>\n<p>Offriamo un servizio totalmente gratuito:<\/p>\n<p>Assistenza stradale 24 ore su 24<br \/>\nServizio 24 ore su 24 solo con una telefonata<\/p>\n<h2>7. Linea diretta di assistenza 24 ore su 24<\/h2>\n<p>Inoltre, offriamo anche una linea diretta 24 ore su 24, 7 giorni su 7, totalmente gratuita.<br \/>\nSe avete bisogno di assistenza, chiamateci in qualsiasi momento o inviateci un messaggio.<br \/>\nSaremo lieti di servirvi.<\/p>\n<h3>8. Mappa stradale<\/h3>\n<p>Offriamo una mappa stradale di Corf\u00f9 totalmente gratuita. Soprattutto non vi perderete mai. Tuttavia, se non sapete usare le mappe, possiamo fornirvi un sistema di posizionamento globale (GPS).<\/p>\n<h3>9. Autista aggiuntivo<\/h3>\n<p>In primo luogo \u00e8 possibile includere un autista aggiuntivo senza alcun costo. In secondo luogo, il terzo e il quarto autista aggiuntivo saranno addebitati a 3 euro al giorno.<\/p>\n<h3>10. Seggiolini per bambini<\/h3>\n<p>Le nostre tariffe includono i seggiolini per bambini. Inoltre, seggiolini per bambini e booster. La cosa pi\u00f9 importante \u00e8 che la vostra famiglia sia al sicuro con i nostri seggiolini.<\/p>\n","protected":false},"excerpt":{"rendered":"<p>1. PACCHETTO ASSICURATIVO DI BASE Le nostre tariffe includono: Esonero di responsabilit\u00e0 per danni da collisione Copertura della responsabilit\u00e0 civile Supplemento assicurativo limitato 2. Chilometraggio illimitato Chilometraggio illimitato offerto gratuitamente. In altre parole, potete esplorare l&#8217;intera isola senza limiti di chilometraggio. Guidate in sicurezza e godetevi le vostre vacanze. 3. Consegna gratuita all&#8217;aeroporto e al [&hellip;]<\/p>\n","protected":false},"author":1,"featured_media":0,"parent":0,"menu_order":0,"comment_status":"closed","ping_status":"closed","template":"template-plain.php","meta":{"_acf_changed":false,"inline_featured_image":false,"footnotes":""},"class_list":["post-8281","page","type-page","status-publish","hentry"],"acf":[],"_links":{"self":[{"href":"https:\/\/corfuslutaleta.com\/it\/wp-json\/wp\/v2\/pages\/8281","targetHints":{"allow":["GET"]}}],"collection":[{"href":"https:\/\/corfuslutaleta.com\/it\/wp-json\/wp\/v2\/pages"}],"about":[{"href":"https:\/\/corfuslutaleta.com\/it\/wp-json\/wp\/v2\/types\/page"}],"author":[{"embeddable":true,"href":"https:\/\/corfuslutaleta.com\/it\/wp-json\/wp\/v2\/users\/1"}],"replies":[{"embeddable":true,"href":"https:\/\/corfuslutaleta.com\/it\/wp-json\/wp\/v2\/comments?post=8281"}],"version-history":[{"count":5,"href":"https:\/\/corfuslutaleta.com\/it\/wp-json\/wp\/v2\/pages\/8281\/revisions"}],"predecessor-version":[{"id":9310,"href":"https:\/\/corfuslutaleta.com\/it\/wp-json\/wp\/v2\/pages\/8281\/revisions\/9310"}],"wp:attachment":[{"href":"https:\/\/corfuslutaleta.com\/it\/wp-json\/wp\/v2\/media?parent=8281"}],"curies":[{"name":"wp","href":"https:\/\/api.w.org\/{rel}","templated":true}]}}