{"id":8366,"date":"2024-01-31T11:29:21","date_gmt":"2024-01-31T11:29:21","guid":{"rendered":"https:\/\/corfuslutaleta.com\/travel-guide\/gouvia\/"},"modified":"2024-04-26T09:11:17","modified_gmt":"2024-04-26T09:11:17","slug":"gouvia","status":"publish","type":"page","link":"https:\/\/corfuslutaleta.com\/it\/guida-turistica\/gouvia\/","title":{"rendered":"Villaggio e marina di Gouvia Corf\u00f9, Grecia: Guida turistica completa"},"content":{"rendered":"<p>Citt\u00e0 di Corf\u00f9 22 min. (9,8 km.)<\/p>\n","protected":false},"excerpt":{"rendered":"<p>Citt\u00e0 di Corf\u00f9 22 min. (9,8 km.)<\/p>\n","protected":false},"author":6,"featured_media":6739,"parent":8325,"menu_order":0,"comment_status":"closed","ping_status":"closed","template":"template-flexible-content.php","meta":{"_acf_changed":false,"inline_featured_image":false,"footnotes":""},"class_list":["post-8366","page","type-page","status-publish","has-post-thumbnail","hentry"],"acf":[],"_links":{"self":[{"href":"https:\/\/corfuslutaleta.com\/it\/wp-json\/wp\/v2\/pages\/8366","targetHints":{"allow":["GET"]}}],"collection":[{"href":"https:\/\/corfuslutaleta.com\/it\/wp-json\/wp\/v2\/pages"}],"about":[{"href":"https:\/\/corfuslutaleta.com\/it\/wp-json\/wp\/v2\/types\/page"}],"author":[{"embeddable":true,"href":"https:\/\/corfuslutaleta.com\/it\/wp-json\/wp\/v2\/users\/6"}],"replies":[{"embeddable":true,"href":"https:\/\/corfuslutaleta.com\/it\/wp-json\/wp\/v2\/comments?post=8366"}],"version-history":[{"count":7,"href":"https:\/\/corfuslutaleta.com\/it\/wp-json\/wp\/v2\/pages\/8366\/revisions"}],"predecessor-version":[{"id":10479,"href":"https:\/\/corfuslutaleta.com\/it\/wp-json\/wp\/v2\/pages\/8366\/revisions\/10479"}],"up":[{"embeddable":true,"href":"https:\/\/corfuslutaleta.com\/it\/wp-json\/wp\/v2\/pages\/8325"}],"wp:featuredmedia":[{"embeddable":true,"href":"https:\/\/corfuslutaleta.com\/it\/wp-json\/wp\/v2\/media\/6739"}],"wp:attachment":[{"href":"https:\/\/corfuslutaleta.com\/it\/wp-json\/wp\/v2\/media?parent=8366"}],"curies":[{"name":"wp","href":"https:\/\/api.w.org\/{rel}","templated":true}]}}