{"id":8056,"date":"2024-01-26T09:56:26","date_gmt":"2024-01-26T09:56:26","guid":{"rendered":"https:\/\/corfuslutaleta.com\/corfu-sluta-leta-rentals\/"},"modified":"2024-07-23T12:22:15","modified_gmt":"2024-07-23T12:22:15","slug":"corfu-sluta-leta-rentals","status":"publish","type":"page","link":"https:\/\/corfuslutaleta.com\/pl\/","title":{"rendered":"strona g\u0142\u00f3wna"},"content":{"rendered":"<p>Us\u0142ugi na wysokim poziomie<\/p>\n","protected":false},"excerpt":{"rendered":"<p>Us\u0142ugi na wysokim poziomie<\/p>\n","protected":false},"author":1,"featured_media":0,"parent":0,"menu_order":0,"comment_status":"closed","ping_status":"open","template":"template-homepage.php","meta":{"_acf_changed":false,"inline_featured_image":false,"footnotes":""},"class_list":["post-8056","page","type-page","status-publish","hentry"],"acf":[],"_links":{"self":[{"href":"https:\/\/corfuslutaleta.com\/pl\/wp-json\/wp\/v2\/pages\/8056","targetHints":{"allow":["GET"]}}],"collection":[{"href":"https:\/\/corfuslutaleta.com\/pl\/wp-json\/wp\/v2\/pages"}],"about":[{"href":"https:\/\/corfuslutaleta.com\/pl\/wp-json\/wp\/v2\/types\/page"}],"author":[{"embeddable":true,"href":"https:\/\/corfuslutaleta.com\/pl\/wp-json\/wp\/v2\/users\/1"}],"replies":[{"embeddable":true,"href":"https:\/\/corfuslutaleta.com\/pl\/wp-json\/wp\/v2\/comments?post=8056"}],"version-history":[{"count":11,"href":"https:\/\/corfuslutaleta.com\/pl\/wp-json\/wp\/v2\/pages\/8056\/revisions"}],"predecessor-version":[{"id":11540,"href":"https:\/\/corfuslutaleta.com\/pl\/wp-json\/wp\/v2\/pages\/8056\/revisions\/11540"}],"wp:attachment":[{"href":"https:\/\/corfuslutaleta.com\/pl\/wp-json\/wp\/v2\/media?parent=8056"}],"curies":[{"name":"wp","href":"https:\/\/api.w.org\/{rel}","templated":true}]}}