{"id":8282,"date":"2024-01-26T12:27:26","date_gmt":"2024-01-26T12:27:26","guid":{"rendered":"https:\/\/corfuslutaleta.com\/our-rates-include\/"},"modified":"2024-04-16T09:47:04","modified_gmt":"2024-04-16T09:47:04","slug":"nasze-stawki-obejmuja","status":"publish","type":"page","link":"https:\/\/corfuslutaleta.com\/pl\/nasze-stawki-obejmuja\/","title":{"rendered":"Nasze stawki obejmuj\u0105"},"content":{"rendered":"<h2>1. PODSTAWOWY PAKIET UBEZPIECZENIOWY<\/h2>\n<p>Nasze stawki obejmuj\u0105:<\/p>\n<p>Zwolnienie z odpowiedzialno\u015bci za szkody spowodowane kolizj\u0105<br \/>\nUbezpieczenie odpowiedzialno\u015bci cywilnej<br \/>\nOgraniczony dodatek ubezpieczeniowy<\/p>\n<h3>2. Nieograniczony przebieg<\/h3>\n<p>Nieograniczony przebieg oferowany bezp\u0142atnie. Innymi s\u0142owy, mo\u017cesz zwiedzi\u0107 ca\u0142\u0105 wysp\u0119 bez limitu kilometr\u00f3w. Jed\u017a bezpiecznie i ciesz si\u0119 wakacjami.<\/p>\n<h3>3. Bezp\u0142atna dostawa na lotnisko i do portu<\/h3>\n<p>Oferujemy bezp\u0142atny odbi\u00f3r i dow\u00f3z na lotnisko i do portu na Korfu. Aby wyja\u015bni\u0107, czy jeste\u015b na lotnisku na Korfu, zadzwo\u0144 do nas w dowolnym momencie, a my b\u0119dziemy tam tak szybko, jak to mo\u017cliwe, ca\u0142kowicie za darmo.<\/p>\n<h3>4. Bezp\u0142atne zmiany<\/h3>\n<p>W tej sekcji om\u00f3wimy bezp\u0142atne zmiany. Po pierwsze, je\u015bli wyst\u0105pi problem z samochodem lub uszkodzon\u0105 opon\u0105, zawsze mo\u017cesz skontaktowa\u0107 si\u0119 z nami, aby uzyska\u0107 pomoc. Po drugie, je\u015bli samoch\u00f3d nie mo\u017ce zosta\u0107 naprawiony natychmiast lub wkr\u00f3tce, jeste\u015bmy zobowi\u0105zani do bezp\u0142atnej zmiany samochodu (podobnej kategorii lub wi\u0119kszego). Podsumowuj\u0105c, nie musisz si\u0119 obawia\u0107, jeste\u015bmy obok Ciebie podczas jazdy.<\/p>\n<h3>5. VAT wliczony w cen\u0119<\/h3>\n<p>Wszystkie podatki i VAT<br \/>\nBrak ukrytych koszt\u00f3w<\/p>\n<h3>6. Pomoc drogowa 24\/7<\/h3>\n<p>Oferujemy ca\u0142kowicie za darmo:<\/p>\n<p>24-godzinn\u0105 pomoc drogow\u0105<br \/>\n24-godzinna us\u0142uga tylko za pomoc\u0105 telefonu<\/p>\n<h2>7. 24-godzinna infolinia pomocy drogowej<\/h2>\n<p>Ponadto oferujemy r\u00f3wnie\u017c ca\u0142odobow\u0105 infolini\u0119 ca\u0142kowicie za darmo.<br \/>\nJe\u015bli potrzebujesz pomocy, zadzwo\u0144 do nas w dowolnym momencie lub wy\u015blij nam wiadomo\u015b\u0107.<br \/>\nZ przyjemno\u015bci\u0105 Ci pomo\u017cemy.<\/p>\n<h3>8. Mapa drogowa<\/h3>\n<p>Oferujemy map\u0119 drogow\u0105 Korfu ca\u0142kowicie za darmo. Przede wszystkim nigdy si\u0119 nie zgubisz. Je\u015bli jednak nie mo\u017cesz korzysta\u0107 z map, mo\u017cemy zapewni\u0107 Ci globalny system pozycjonowania (GPS).<\/p>\n<h3>9. Dodatkowy kierowca<\/h3>\n<p>Po pierwsze, mo\u017cesz do\u0142\u0105czy\u0107 dodatkowego kierowc\u0119 bez \u017cadnych op\u0142at. Po drugie, za trzeciego i czwartego dodatkowego kierowc\u0119 zostanie naliczona op\u0142ata w wysoko\u015bci 3 euro za dzie\u0144.<\/p>\n<h3>10. Foteliki dzieci\u0119ce<\/h3>\n<p>Nasze stawki obejmuj\u0105 krzese\u0142ka dla dzieci. Dodatkowo fotelik podwy\u017cszaj\u0105cy i fotelik dla niemowl\u0105t. Najwa\u017cniejsze, aby Twoja rodzina by\u0142a bezpieczna dzi\u0119ki naszym fotelikom dzieci\u0119cym.<\/p>\n","protected":false},"excerpt":{"rendered":"<p>1. PODSTAWOWY PAKIET UBEZPIECZENIOWY Nasze stawki obejmuj\u0105: Zwolnienie z odpowiedzialno\u015bci za szkody spowodowane kolizj\u0105 Ubezpieczenie odpowiedzialno\u015bci cywilnej Ograniczony dodatek ubezpieczeniowy 2. Nieograniczony przebieg Nieograniczony przebieg oferowany bezp\u0142atnie. Innymi s\u0142owy, mo\u017cesz zwiedzi\u0107 ca\u0142\u0105 wysp\u0119 bez limitu kilometr\u00f3w. Jed\u017a bezpiecznie i ciesz si\u0119 wakacjami. 3. Bezp\u0142atna dostawa na lotnisko i do portu Oferujemy bezp\u0142atny odbi\u00f3r i dow\u00f3z [&hellip;]<\/p>\n","protected":false},"author":1,"featured_media":0,"parent":0,"menu_order":0,"comment_status":"closed","ping_status":"closed","template":"template-plain.php","meta":{"_acf_changed":false,"inline_featured_image":false,"footnotes":""},"class_list":["post-8282","page","type-page","status-publish","hentry"],"acf":[],"_links":{"self":[{"href":"https:\/\/corfuslutaleta.com\/pl\/wp-json\/wp\/v2\/pages\/8282","targetHints":{"allow":["GET"]}}],"collection":[{"href":"https:\/\/corfuslutaleta.com\/pl\/wp-json\/wp\/v2\/pages"}],"about":[{"href":"https:\/\/corfuslutaleta.com\/pl\/wp-json\/wp\/v2\/types\/page"}],"author":[{"embeddable":true,"href":"https:\/\/corfuslutaleta.com\/pl\/wp-json\/wp\/v2\/users\/1"}],"replies":[{"embeddable":true,"href":"https:\/\/corfuslutaleta.com\/pl\/wp-json\/wp\/v2\/comments?post=8282"}],"version-history":[{"count":5,"href":"https:\/\/corfuslutaleta.com\/pl\/wp-json\/wp\/v2\/pages\/8282\/revisions"}],"predecessor-version":[{"id":9347,"href":"https:\/\/corfuslutaleta.com\/pl\/wp-json\/wp\/v2\/pages\/8282\/revisions\/9347"}],"wp:attachment":[{"href":"https:\/\/corfuslutaleta.com\/pl\/wp-json\/wp\/v2\/media?parent=8282"}],"curies":[{"name":"wp","href":"https:\/\/api.w.org\/{rel}","templated":true}]}}