{"id":8298,"date":"2024-02-05T11:56:53","date_gmt":"2024-02-05T11:56:53","guid":{"rendered":"https:\/\/corfuslutaleta.com\/sitemap\/"},"modified":"2024-04-16T09:55:23","modified_gmt":"2024-04-16T09:55:23","slug":"mapa-strony","status":"publish","type":"page","link":"https:\/\/corfuslutaleta.com\/pl\/mapa-strony\/","title":{"rendered":"Mapa Strony"},"content":{"rendered":"<div class=\"wsp-container\"><h2 class=\"wsp-pages-title\">Pages<\/h2>\n<ul class=\"wsp-pages-list\">\n<li class=\"page_item page-item-8315\"><a href=\"https:\/\/corfuslutaleta.com\/pl\/blog-podrozniczy\/\">Blog podr\u00f3\u017cniczy<\/a><\/li>\n<li class=\"page_item page-item-8385\"><a href=\"https:\/\/corfuslutaleta.com\/pl\/dlaczego-warto-nas-wybrac\/\">Dlaczego warto nas wybra\u0107<\/a><\/li>\n<li class=\"page_item page-item-8107\"><a href=\"https:\/\/corfuslutaleta.com\/pl\/dostepnosc\/\">Dost\u0119pno\u015b\u0107<\/a><\/li>\n<li class=\"page_item page-item-8264\"><a href=\"https:\/\/corfuslutaleta.com\/pl\/faqs\/\">Info<\/a><\/li>\n<li class=\"page_item page-item-8247\"><a href=\"https:\/\/corfuslutaleta.com\/pl\/kontakt\/\">Kontakt<\/a><\/li>\n<li class=\"page_item page-item-8298\"><a href=\"https:\/\/corfuslutaleta.com\/pl\/mapa-strony\/\">Mapa Strony<\/a><\/li>\n<li class=\"page_item page-item-8282\"><a href=\"https:\/\/corfuslutaleta.com\/pl\/nasze-stawki-obejmuja\/\">Nasze stawki obejmuj\u0105<\/a><\/li>\n<li class=\"page_item page-item-8082\"><a href=\"https:\/\/corfuslutaleta.com\/pl\/o-nas\/\">O nas<\/a><\/li>\n<li class=\"page_item page-item-8256\"><a href=\"https:\/\/corfuslutaleta.com\/pl\/polityka-cookies\/\">Polityka Cookies<\/a><\/li>\n<li class=\"page_item page-item-8290\"><a href=\"https:\/\/corfuslutaleta.com\/pl\/polityka-prywatnosci\/\">Privacy Policy(PL)<\/a><\/li>\n<li class=\"page_item page-item-8326 page_item_has_children\"><a href=\"https:\/\/corfuslutaleta.com\/pl\/przewodnik-turystyczny\/\">Przewodnik turystyczny<\/a>\n<ul class='children'>\n\t<li class=\"page_item page-item-8359\"><a href=\"https:\/\/corfuslutaleta.com\/pl\/przewodnik-turystyczny\/dassia\/\">Dassia Korfu Grecja: Kompletny przewodnik turystyczny<\/a><\/li>\n\t<li class=\"page_item page-item-8367\"><a href=\"https:\/\/corfuslutaleta.com\/pl\/przewodnik-turystyczny\/gouvia\/\">Gouvia Village &#038; Marina Korfu Grecja: Kompletny przewodnik turystyczny<\/a><\/li>\n\t<li class=\"page_item page-item-8376\"><a href=\"https:\/\/corfuslutaleta.com\/pl\/przewodnik-turystyczny\/ipsos\/\">Ipsos Korfu Grecja: Kompletny przewodnik turystyczny<\/a><\/li>\n\t<li class=\"page_item page-item-11450\"><a href=\"https:\/\/corfuslutaleta.com\/pl\/przewodnik-turystyczny\/kommeno\/\">Kommeno Korfu Grecja: Kompletny przewodnik turystyczny<\/a><\/li>\n\t<li class=\"page_item page-item-11623\"><a href=\"https:\/\/corfuslutaleta.com\/pl\/przewodnik-turystyczny\/kontokalii\/\">Kontokali Korfu Grecja: Kompletny przewodnik turystyczny<\/a><\/li>\n\t<li class=\"page_item page-item-8351\"><a href=\"https:\/\/corfuslutaleta.com\/pl\/przewodnik-turystyczny\/miasto\/\">Miasto i Stare Miasto Korfu w Grecji: Kompletny przewodnik turystyczny<\/a><\/li>\n\t<li class=\"page_item page-item-8343\"><a href=\"https:\/\/corfuslutaleta.com\/pl\/przewodnik-turystyczny\/port\/\">Port wycieczkowy i stary port na Korfu<\/a><\/li>\n\t<li class=\"page_item page-item-8335\"><a href=\"https:\/\/corfuslutaleta.com\/pl\/przewodnik-turystyczny\/przewodnik\/\">Przewodnik po lotnisku na Korfu<\/a><\/li>\n<\/ul>\n<\/li>\n<li class=\"page_item page-item-8056\"><a href=\"https:\/\/corfuslutaleta.com\/pl\/\">strona g\u0142\u00f3wna<\/a><\/li>\n<li class=\"page_item page-item-8273\"><a href=\"https:\/\/corfuslutaleta.com\/pl\/ubezpieczenia\/\">Ubezpieczenia<\/a><\/li>\n<li class=\"page_item page-item-12093\"><a href=\"https:\/\/corfuslutaleta.com\/pl\/wynajem-samochodow-2\/\">Wynajem samochod\u00f3w<\/a><\/li>\n<li class=\"page_item page-item-8069 page_item_has_children\"><a href=\"https:\/\/corfuslutaleta.com\/pl\/wynajem-samochodow\/\">Wynajem samochod\u00f3w<\/a>\n<ul class='children'>\n\t<li class=\"page_item page-item-10170\"><a href=\"https:\/\/corfuslutaleta.com\/pl\/wynajem-samochodow\/bez-karty-kredytowej-depozytu\/\">Bez depozytu lub nadwy\u017cki na karcie kredytowej<\/a><\/li>\n\t<li class=\"page_item page-item-8222\"><a href=\"https:\/\/corfuslutaleta.com\/pl\/wynajem-samochodow\/ceny\/\">Ceny za wynajem samochodu na Korfu<\/a><\/li>\n\t<li class=\"page_item page-item-8095 page_item_has_children\"><a href=\"https:\/\/corfuslutaleta.com\/pl\/wynajem-samochodow\/nasze-auta\/\">Nasza Flota<\/a>\n\t<ul class='children'>\n\t\t<li class=\"page_item page-item-8197\"><a href=\"https:\/\/corfuslutaleta.com\/pl\/wynajem-samochodow\/nasze-auta\/automatyczne\/\">Wynajem automatycznego samochodu Korfu<\/a><\/li>\n\t\t<li class=\"page_item page-item-8188\"><a href=\"https:\/\/corfuslutaleta.com\/pl\/wynajem-samochodow\/nasze-auta\/kabriolet\/\">Wynajem kabriolet\u00f3w Korfu<\/a><\/li>\n\t\t<li class=\"page_item page-item-8213\"><a href=\"https:\/\/corfuslutaleta.com\/pl\/wynajem-samochodow\/nasze-auta\/vip-luxury\/\">Wynajem Luksusowych Samochod\u00f3w Korfu<\/a><\/li>\n\t\t<li class=\"page_item page-item-8179\"><a href=\"https:\/\/corfuslutaleta.com\/pl\/wynajem-samochodow\/nasze-auta\/6-7-9-osobowe\/\">Wynajem Samochod\u00f3w 6\/7\/9 Osobowych Korfu<\/a><\/li>\n\t\t<li class=\"page_item page-item-8205\"><a href=\"https:\/\/corfuslutaleta.com\/pl\/wynajem-samochodow\/nasze-auta\/jeep-4x4\/\">Wypo\u017cyczalnia Jeep\u00f3w Korfu<\/a><\/li>\n\t<\/ul>\n<\/li>\n\t<li class=\"page_item page-item-12518\"><a href=\"https:\/\/corfuslutaleta.com\/pl\/wynajem-samochodow\/oferty\/\">Oferty wynajmu samochod\u00f3w na Korfu<\/a><\/li>\n\t<li class=\"page_item page-item-12585\"><a href=\"https:\/\/corfuslutaleta.com\/pl\/wynajem-samochodow\/ponizej-25-roku-zycia\/\">Poni\u017cej 25 roku \u017cycia<\/a><\/li>\n\t<li class=\"page_item page-item-8239\"><a href=\"https:\/\/corfuslutaleta.com\/pl\/wynajem-samochodow\/opinie\/\">Przegl\u0105dy<\/a><\/li>\n\t<li class=\"page_item page-item-8170\"><a href=\"https:\/\/corfuslutaleta.com\/pl\/wynajem-samochodow\/tani\/\">Tani wynajem samochod\u00f3w Korfu<\/a><\/li>\n\t<li class=\"page_item page-item-11867\"><a href=\"https:\/\/corfuslutaleta.com\/pl\/wynajem-samochodow\/dlugoterminowy\/\">Wynajem d\u0142ugoterminowy<\/a><\/li>\n\t<li class=\"page_item page-item-9195\"><a href=\"https:\/\/corfuslutaleta.com\/pl\/wynajem-samochodow\/kommeno-car-hire\/\">Wynajem samochod\u00f3w w Kommeno<\/a><\/li>\n\t<li class=\"page_item page-item-8230\"><a href=\"https:\/\/corfuslutaleta.com\/pl\/wynajem-samochodow\/dassia\/\">Wypo\u017cyczalnia samochod\u00f3w Dassia Korfu<\/a><\/li>\n\t<li class=\"page_item page-item-8153\"><a href=\"https:\/\/corfuslutaleta.com\/pl\/wynajem-samochodow\/gouvia\/\">Wypo\u017cyczalnia samochod\u00f3w Gouvia Korfu<\/a><\/li>\n\t<li class=\"page_item page-item-8162\"><a href=\"https:\/\/corfuslutaleta.com\/pl\/wynajem-samochodow\/ipsos\/\">Wypo\u017cyczalnia samochod\u00f3w Ipsos Corfu<\/a><\/li>\n\t<li class=\"page_item page-item-9168\"><a href=\"https:\/\/corfuslutaleta.com\/pl\/wynajem-samochodow\/kommeno\/\">Wypo\u017cyczalnia samochod\u00f3w Kommeno Korfu<\/a><\/li>\n\t<li class=\"page_item page-item-9156\"><a href=\"https:\/\/corfuslutaleta.com\/pl\/wynajem-samochodow\/kontokali\/\">Wypo\u017cyczalnia samochod\u00f3w Kontokali Korfu<\/a><\/li>\n\t<li class=\"page_item page-item-8127 page_item_has_children\"><a href=\"https:\/\/corfuslutaleta.com\/pl\/wynajem-samochodow\/lotnisko\/\">Wypo\u017cyczalnia samochod\u00f3w Korfu Lotnisko Grecja<\/a>\n\t<ul class='children'>\n\t\t<li class=\"page_item page-item-8135\"><a href=\"https:\/\/corfuslutaleta.com\/pl\/wynajem-samochodow\/lotnisko\/tanio\/\">Tani wynajem samochod\u00f3w Korfu Lotnisko<\/a><\/li>\n\t<\/ul>\n<\/li>\n\t<li class=\"page_item page-item-8119\"><a href=\"https:\/\/corfuslutaleta.com\/pl\/wynajem-samochodow\/miasto\/\">Wypo\u017cyczalnia samochod\u00f3w Miasto Korfu<\/a><\/li>\n\t<li class=\"page_item page-item-8144\"><a href=\"https:\/\/corfuslutaleta.com\/pl\/wynajem-samochodow\/port-wycieczkowy\/\">Wypo\u017cyczalnia samochod\u00f3w Port Korfu<\/a><\/li>\n<\/ul>\n<\/li>\n<li class=\"page_item page-item-8306\"><a href=\"https:\/\/corfuslutaleta.com\/pl\/zasady-i-warunki\/\">Zasady I Warunki<\/a><\/li>\n<\/ul>\n<\/div>\n","protected":false},"excerpt":{"rendered":"","protected":false},"author":6,"featured_media":0,"parent":0,"menu_order":0,"comment_status":"closed","ping_status":"closed","template":"template-plain.php","meta":{"_acf_changed":false,"inline_featured_image":false,"footnotes":""},"class_list":["post-8298","page","type-page","status-publish","hentry"],"acf":[],"_links":{"self":[{"href":"https:\/\/corfuslutaleta.com\/pl\/wp-json\/wp\/v2\/pages\/8298","targetHints":{"allow":["GET"]}}],"collection":[{"href":"https:\/\/corfuslutaleta.com\/pl\/wp-json\/wp\/v2\/pages"}],"about":[{"href":"https:\/\/corfuslutaleta.com\/pl\/wp-json\/wp\/v2\/types\/page"}],"author":[{"embeddable":true,"href":"https:\/\/corfuslutaleta.com\/pl\/wp-json\/wp\/v2\/users\/6"}],"replies":[{"embeddable":true,"href":"https:\/\/corfuslutaleta.com\/pl\/wp-json\/wp\/v2\/comments?post=8298"}],"version-history":[{"count":3,"href":"https:\/\/corfuslutaleta.com\/pl\/wp-json\/wp\/v2\/pages\/8298\/revisions"}],"predecessor-version":[{"id":9880,"href":"https:\/\/corfuslutaleta.com\/pl\/wp-json\/wp\/v2\/pages\/8298\/revisions\/9880"}],"wp:attachment":[{"href":"https:\/\/corfuslutaleta.com\/pl\/wp-json\/wp\/v2\/media?parent=8298"}],"curies":[{"name":"wp","href":"https:\/\/api.w.org\/{rel}","templated":true}]}}