{"id":8351,"date":"2024-01-31T11:28:30","date_gmt":"2024-01-31T11:28:30","guid":{"rendered":"https:\/\/corfuslutaleta.com\/travel-guide\/town\/"},"modified":"2024-04-26T09:14:37","modified_gmt":"2024-04-26T09:14:37","slug":"miasto","status":"publish","type":"page","link":"https:\/\/corfuslutaleta.com\/pl\/przewodnik-turystyczny\/miasto\/","title":{"rendered":"Miasto i Stare Miasto Korfu w Grecji: Kompletny przewodnik turystyczny"},"content":{"rendered":"<p><strong>Wizyta na Korfu jest zatem mi\u0119dzy innymi doskona\u0142\u0105 okazj\u0105 do zwiedzenia starego miasta Korfu i podziwiania tej historycznej cz\u0119\u015bci kosmopolitycznej wyspy Jo\u0144skiej.<\/strong><\/p>\n<p>Aby lepiej pozna\u0107 miasto Korfu, zdecydowanie zalecamy wynaj\u0119cie samochodu w mie\u015bcie Korfu. Dzi\u0119ki wygodzie naszych us\u0142ug wynajmu samochodu w mie\u015bcie Korfu b\u0119dziesz mie\u0107 swobod\u0119 odkrywania w\u0105skich uliczek, historycznych zabytk\u00f3w i ukrytych klejnot\u00f3w wpisanych na List\u0119 \u015awiatowego Dziedzictwa UNESCO we w\u0142asnym tempie.<\/p>\n","protected":false},"excerpt":{"rendered":"<p>Wizyta na Korfu jest zatem mi\u0119dzy innymi doskona\u0142\u0105 okazj\u0105 do zwiedzenia starego miasta Korfu i podziwiania tej historycznej cz\u0119\u015bci kosmopolitycznej wyspy Jo\u0144skiej. Aby lepiej pozna\u0107 miasto Korfu, zdecydowanie zalecamy wynaj\u0119cie samochodu w mie\u015bcie Korfu. Dzi\u0119ki wygodzie naszych us\u0142ug wynajmu samochodu w mie\u015bcie Korfu b\u0119dziesz mie\u0107 swobod\u0119 odkrywania w\u0105skich uliczek, historycznych zabytk\u00f3w i ukrytych klejnot\u00f3w wpisanych [&hellip;]<\/p>\n","protected":false},"author":6,"featured_media":0,"parent":8326,"menu_order":0,"comment_status":"closed","ping_status":"closed","template":"template-flexible-content.php","meta":{"_acf_changed":false,"inline_featured_image":false,"footnotes":""},"class_list":["post-8351","page","type-page","status-publish","hentry"],"acf":[],"_links":{"self":[{"href":"https:\/\/corfuslutaleta.com\/pl\/wp-json\/wp\/v2\/pages\/8351","targetHints":{"allow":["GET"]}}],"collection":[{"href":"https:\/\/corfuslutaleta.com\/pl\/wp-json\/wp\/v2\/pages"}],"about":[{"href":"https:\/\/corfuslutaleta.com\/pl\/wp-json\/wp\/v2\/types\/page"}],"author":[{"embeddable":true,"href":"https:\/\/corfuslutaleta.com\/pl\/wp-json\/wp\/v2\/users\/6"}],"replies":[{"embeddable":true,"href":"https:\/\/corfuslutaleta.com\/pl\/wp-json\/wp\/v2\/comments?post=8351"}],"version-history":[{"count":7,"href":"https:\/\/corfuslutaleta.com\/pl\/wp-json\/wp\/v2\/pages\/8351\/revisions"}],"predecessor-version":[{"id":10490,"href":"https:\/\/corfuslutaleta.com\/pl\/wp-json\/wp\/v2\/pages\/8351\/revisions\/10490"}],"up":[{"embeddable":true,"href":"https:\/\/corfuslutaleta.com\/pl\/wp-json\/wp\/v2\/pages\/8326"}],"wp:attachment":[{"href":"https:\/\/corfuslutaleta.com\/pl\/wp-json\/wp\/v2\/media?parent=8351"}],"curies":[{"name":"wp","href":"https:\/\/api.w.org\/{rel}","templated":true}]}}