{"id":8385,"date":"2024-01-26T12:27:40","date_gmt":"2024-01-26T12:27:40","guid":{"rendered":"https:\/\/corfuslutaleta.com\/why-choose-us\/"},"modified":"2024-04-16T10:06:58","modified_gmt":"2024-04-16T10:06:58","slug":"dlaczego-warto-nas-wybrac","status":"publish","type":"page","link":"https:\/\/corfuslutaleta.com\/pl\/dlaczego-warto-nas-wybrac\/","title":{"rendered":"Dlaczego warto nas wybra\u0107"},"content":{"rendered":"","protected":false},"excerpt":{"rendered":"","protected":false},"author":1,"featured_media":0,"parent":0,"menu_order":0,"comment_status":"closed","ping_status":"closed","template":"template-why-us.php","meta":{"_acf_changed":false,"inline_featured_image":false,"footnotes":""},"class_list":["post-8385","page","type-page","status-publish","hentry"],"acf":{"title":"Dlaczego warto nas wybra\u0107","text":"Rezerwacja","repeater":[{"text":"Pe\u0142ny pakiet ubezpieczeniowy (karta kredytowa nie jest wymagana)"},{"text":"Rezerwacja online, bez karty kredytowej"},{"text":"P\u0142atno\u015b\u0107 w dniu przyjazdu, bez depozyt\u00f3w bankowych"},{"text":"Drugi kierowca za darmo"},{"text":"Foteliki dzieci\u0119ce na \u017cyczenie"},{"text":"Mapa wyspy Korfu za darmo"},{"text":"Us\u0142uga odbioru \/ zwrotu 24\/7"},{"text":"Najlepsza obs\u0142uga klienta w zakresie wynajmu samochod\u00f3w na Korfu"},{"text":"System GPS na \u017cyczenie"},{"text":"Nieograniczona liczba kilometr\u00f3w"},{"text":"Brak prowizji za p\u0142atno\u015b\u0107 kart\u0105 kredytow\u0105"},{"text":"\u0141atwy 24-godzinny odbi\u00f3r z lotniska"},{"text":"Wymiana samochodu w przypadku awarii lub wypadku"},{"text":"Agencja wynajmu samochod\u00f3w numer jeden na Korfu"},{"text":"Specjalne stawki za d\u0142u\u017cszy okres wynajmu"},{"text":"Bezpo\u015bredni wynajem samochod\u00f3w, a nie po\u015brednik"},{"text":"Odbi\u00f3r i dow\u00f3z w dowolnym czasie i miejscu"},{"text":"Us\u0142uga numer jeden na lotnisku Korfu"},{"text":"M\u0142odzi kierowcy w wieku 18-21 lat mog\u0105 prowadzi\u0107"}]},"_links":{"self":[{"href":"https:\/\/corfuslutaleta.com\/pl\/wp-json\/wp\/v2\/pages\/8385","targetHints":{"allow":["GET"]}}],"collection":[{"href":"https:\/\/corfuslutaleta.com\/pl\/wp-json\/wp\/v2\/pages"}],"about":[{"href":"https:\/\/corfuslutaleta.com\/pl\/wp-json\/wp\/v2\/types\/page"}],"author":[{"embeddable":true,"href":"https:\/\/corfuslutaleta.com\/pl\/wp-json\/wp\/v2\/users\/1"}],"replies":[{"embeddable":true,"href":"https:\/\/corfuslutaleta.com\/pl\/wp-json\/wp\/v2\/comments?post=8385"}],"version-history":[{"count":5,"href":"https:\/\/corfuslutaleta.com\/pl\/wp-json\/wp\/v2\/pages\/8385\/revisions"}],"predecessor-version":[{"id":9349,"href":"https:\/\/corfuslutaleta.com\/pl\/wp-json\/wp\/v2\/pages\/8385\/revisions\/9349"}],"wp:attachment":[{"href":"https:\/\/corfuslutaleta.com\/pl\/wp-json\/wp\/v2\/media?parent=8385"}],"curies":[{"name":"wp","href":"https:\/\/api.w.org\/{rel}","templated":true}]}}